{"id":23037,"date":"2020-10-26T21:21:16","date_gmt":"2020-10-26T21:21:16","guid":{"rendered":"https:\/\/cssregtech.com\/?page_id=23037"},"modified":"2021-01-27T11:21:40","modified_gmt":"2021-01-27T16:21:40","slug":"mitigating-risk-in-regulatory-response","status":"publish","type":"page","link":"https:\/\/cssregtech.com\/fr\/mitigating-risk-in-regulatory-response","title":{"rendered":"Mitigating Risk"},"content":{"rendered":"<div class=\"wpb-content-wrapper\"><section     data-speed=\"1\" class=\"parallax_section_holder\" style = \" height:px; background-image:url('');\"><div class=\"parallax_content right\"><div class='parallax_section_inner_margin clearfix'><div class=\"wpb_column vc_column_container vc_col-sm-9\"><div class=\"vc_column-inner\"><div class=\"wpb_wrapper\"><div class=\"separator  transparent\" style=\"margin-top:40px\"><\/div>\n<div class='q_list circle'><\/p>\n<ul style=\"color: #000; font-weight: 300;\">\n<li style=\"text-align: left;\">According to Accenture\u2019s Compliance and Risk Study, regulations are getting tougher and the price of compliance is growing. Financial services firms globally will spend 4% of revenues on compliance-related activities, with that figure expected to rise to 10%. Meanwhile, firms incur hundreds of millions of dollars in penalties for failing to uncover financial crimes.<\/li>\n<li style=\"text-align: left;\">As the regulatory landscape evolves, keeping pace means having in place an effective and broad-based extended enterprise risk management program that includes rigorous compliance governance and processes. Having supporting technology \u2014 including data analytics, personnel, and other resources \u2014 also will be critical. <em>Deloitte<\/em><\/li>\n<li style=\"text-align: left;\">The greatest compliance challenge(s) a board expects to face is obtaining comfort that regulatory risk is effectively managed. The reasons for outsourcing any or all of a firm\u2019s compliance functionality include the need for additional assurance on compliance processes.\u00a0<em>Thomson Reuters<\/em><\/li>\n<\/ul>\n<p><\/div><div class=\"separator  transparent\" style=\"margin-top:20px\"><\/div>\n\n\t<div class=\"wpb_text_column wpb_content_element\">\n\t\t<div class=\"wpb_wrapper\">\n\t\t\t<p style=\"color: #000000; text-align: left;\">Vendor risk can create a single point of failure in a compliance strategy. Multiple single vendors can add complexity and costs and technology startups can be unpredictable. When you\u2019re integrating multiple sources of data, you also need a reliable vendor to keep that data secure. And if your compliance strategy is in-house, do you have concerns that manual processes might lead to errors, filing mistakes or omissions? How do you remove risk from your compliance strategy?<\/p>\n<p>&nbsp;<\/p>\n<p style=\"color: #000000; text-align: left;\">Look for an agile partner of size and depth that is trusted and credible and understands global regulation to respond quickly to changing requirements. To mitigate both operational and regulatory risk, find a vendor that has an integrated solution and established platforms in addition to the subject matter expertise on global jurisdictions.<\/p>\n\n\t\t<\/div> \n\t<\/div> <div class=\"separator  transparent\" style=\"margin-top:20px\"><\/div>\n\n\t<div class=\"wpb_text_column wpb_content_element\">\n\t\t<div class=\"wpb_wrapper\">\n\t\t\t<h4 style=\"color: #082c46; text-align: left;\">CSS can help you:<\/h4>\n\n\t\t<\/div> \n\t<\/div> <div class=\"separator  transparent\" style=\"margin-top:20px\"><\/div>\n<div class='q_icon_with_title   center with_custom_icon'><div class=\"icon_holder\" style=\" \"><div class=\"icon_holder_inner\"><img loading=\"lazy\" decoding=\"async\" width=\"119\" height=\"119\" src=\"https:\/\/cssregtech.com\/wp-content\/uploads\/2020\/11\/mitigating-risk-remove-risk@2x.png\" class=\"attachment-full size-full\" alt=\"\" srcset=\"https:\/\/cssregtech.com\/wp-content\/uploads\/2020\/11\/mitigating-risk-remove-risk@2x.png 119w, https:\/\/cssregtech.com\/wp-content\/uploads\/2020\/11\/mitigating-risk-remove-risk@2x-100x100.png 100w, https:\/\/cssregtech.com\/wp-content\/uploads\/2020\/11\/mitigating-risk-remove-risk@2x-12x12.png 12w\" sizes=\"auto, (max-width: 119px) 100vw, 119px\" \/><\/div><\/div><div class=\"icon_text_holder\" style=\"\"><div class=\"icon_text_inner\" style=\"\"><h6 class=\"icon_title\" style=\"color: #000000\">Remove unnecessary risks and single points of failure in your compliance strategy.<\/h6><p style=''><\/p><\/div><\/div><\/div><div class='q_icon_with_title   center with_custom_icon'><div class=\"icon_holder\" style=\" \"><div class=\"icon_holder_inner\"><img loading=\"lazy\" decoding=\"async\" width=\"119\" height=\"119\" src=\"https:\/\/cssregtech.com\/wp-content\/uploads\/2020\/11\/mitigating-risk-geographic-compliance@2x.png\" class=\"attachment-full size-full\" alt=\"\" srcset=\"https:\/\/cssregtech.com\/wp-content\/uploads\/2020\/11\/mitigating-risk-geographic-compliance@2x.png 119w, https:\/\/cssregtech.com\/wp-content\/uploads\/2020\/11\/mitigating-risk-geographic-compliance@2x-100x100.png 100w, https:\/\/cssregtech.com\/wp-content\/uploads\/2020\/11\/mitigating-risk-geographic-compliance@2x-12x12.png 12w\" sizes=\"auto, (max-width: 119px) 100vw, 119px\" \/><\/div><\/div><div class=\"icon_text_holder\" style=\"\"><div class=\"icon_text_inner\" style=\"\"><h6 class=\"icon_title\" style=\"color: #000000\">Mitigate geographic risks by having global subject matter experts on 90+ jurisdictions.<\/h6><p style=''><\/p><\/div><\/div><\/div><div class='q_icon_with_title   center with_custom_icon'><div class=\"icon_holder\" style=\" \"><div class=\"icon_holder_inner\"><img loading=\"lazy\" decoding=\"async\" width=\"119\" height=\"119\" src=\"https:\/\/cssregtech.com\/wp-content\/uploads\/2020\/11\/mitigating-risk-eliminate-fines@2x.png\" class=\"attachment-full size-full\" alt=\"\" srcset=\"https:\/\/cssregtech.com\/wp-content\/uploads\/2020\/11\/mitigating-risk-eliminate-fines@2x.png 119w, https:\/\/cssregtech.com\/wp-content\/uploads\/2020\/11\/mitigating-risk-eliminate-fines@2x-100x100.png 100w, https:\/\/cssregtech.com\/wp-content\/uploads\/2020\/11\/mitigating-risk-eliminate-fines@2x-12x12.png 12w\" sizes=\"auto, (max-width: 119px) 100vw, 119px\" \/><\/div><\/div><div class=\"icon_text_holder\" style=\"\"><div class=\"icon_text_inner\" style=\"\"><h6 class=\"icon_title\" style=\"color: #000000\">Eliminate fears of fines by regulators by automating shareholding reporting processes<\/h6><p style=''><\/p><\/div><\/div><\/div><div class=\"separator  transparent\" style=\"margin-top:40px\"><\/div>\n<\/div><\/div><\/div><div class=\"wpb_column vc_column_container vc_col-sm-3\"><div class=\"vc_column-inner\"><div class=\"wpb_wrapper\"><\/div><\/div><\/div><\/div><\/div><\/section><div id=\"how-peer\"    class=\"vc_row wpb_row section vc_row-fluid  grid_section full_screen_section\" style='background-image:url(https:\/\/cssregtech.com\/wp-content\/uploads\/2020\/08\/Background-Textures-Platform-Transaction-Reporting@2x-min-scaled.jpg); text-align:left;'><div class=\"section_inner clearfix\"><div class='section_inner_margin clearfix'><div class=\"wpb_column vc_column_container vc_col-sm-12\"><div class=\"vc_column-inner\"><div class=\"wpb_wrapper\"><div     class=\"vc_row wpb_row vc_inner section vc_row-fluid\" style=' text-align:left;'><div class=\"full_section_inner clearfix\"><div class=\"wpb_column vc_column_container vc_col-sm-9\"><div class=\"vc_column-inner\"><div class=\"wpb_wrapper\"><div class=\"separator  transparent\" style=\"margin-top:60px\"><\/div>\n\n\t<div class=\"wpb_text_column wpb_content_element\">\n\t\t<div class=\"wpb_wrapper\">\n\t\t\t<h4 style=\"color: #ffffff; text-align: left;\">How a peer mitigated risk:<\/h4>\n<p>&nbsp;<\/p>\n<p style=\"color: #ffffff; text-align: left;\">A global investment manager had personnel across the organization responsible for various filings or sections of filings. The regulatory reporting team within their core compliance must approve 12 ADV filings made annually to the SEC. Over 100 people across the firm\u2019s 12 entities collectively produce the data used in the ADVs. They chose CSS\u2019s Fund Reporting solution to streamline the file production and corporate approval process to reduce the risk of missing a filing or filing inaccurately. CSS\u2019s Fund Reporting structure, data validity checks and approval workflows enable the investment manager to file with confidence and mitigate any risk.<\/p>\n\n\t\t<\/div> \n\t<\/div> <div class=\"separator  transparent\" style=\"margin-top:60px\"><\/div>\n<\/div><\/div><\/div><\/div><\/div><\/div><\/div><\/div><\/div><\/div><\/div><div     class=\"vc_row wpb_row section vc_row-fluid footer-form grid_section pattern_background full_screen_section\" style=' padding-top:85px; padding-bottom:100px; text-align:left;'><div class=\"section_inner clearfix\"><div class='section_inner_margin clearfix'><div class=\"wpb_column vc_column_container vc_col-sm-4\"><div class=\"vc_column-inner\"><div class=\"wpb_wrapper\">\n\t<div class=\"wpb_text_column wpb_content_element\">\n\t\t<div class=\"wpb_wrapper\">\n\t\t\t<h5 style=\"color: #fcb905; text-align: left; font-weight: bold;\">D\u00e9marrer la conversation<\/h5>\n\n\t\t<\/div> \n\t<\/div> <div class=\"separator  transparent\" style=\"margin-top:20px\"><\/div>\n\n\t<div class=\"wpb_text_column wpb_content_element\">\n\t\t<div class=\"wpb_wrapper\">\n\t\t\t<p>Faites le premier pas dans votre parcours de conformit\u00e9 r\u00e9glementaire mondiale. Un expert r\u00e9glementaire CSS sera en contact avec vous dans le jour ouvrable suivant.<\/p>\n\n\t\t<\/div> \n\t<\/div> <\/div><\/div><\/div><div class=\"wpb_column vc_column_container vc_col-sm-8\"><div class=\"vc_column-inner\"><div class=\"wpb_wrapper\">\n\t<div class=\"wpb_raw_code wpb_raw_html wpb_content_element\" >\n\t\t<div class=\"wpb_wrapper\">\n\t\t\t<iframe loading=\"lazy\" src=\"https:\/\/content.cssregtech.com\/l\/1015502\/2023-03-15\/j4m\" width=\"100%\" height=\"800\" type=\"text\/html\" frameborder=\"0\" allowtransparency=\"true\" style=\"border: 0\"><\/iframe>\r\n\r\n\r\n\n\t\t<\/div>\n\t<\/div>\n<\/div><\/div><\/div><\/div><\/div><\/div>\n<\/div>","protected":false},"excerpt":{"rendered":"According to Accenture\u2019s Compliance and Risk Study, regulations are getting tougher and the price of compliance is growing. Financial services...","protected":false},"author":1,"featured_media":26481,"parent":0,"menu_order":0,"comment_status":"closed","ping_status":"closed","template":"full_width.php","meta":{"_acf_changed":false,"footnotes":""},"coauthors":[636],"class_list":["post-23037","page","type-page","status-publish","has-post-thumbnail","hentry"],"acf":[],"_links":{"self":[{"href":"https:\/\/cssregtech.com\/fr\/wp-json\/wp\/v2\/pages\/23037","targetHints":{"allow":["GET"]}}],"collection":[{"href":"https:\/\/cssregtech.com\/fr\/wp-json\/wp\/v2\/pages"}],"about":[{"href":"https:\/\/cssregtech.com\/fr\/wp-json\/wp\/v2\/types\/page"}],"author":[{"embeddable":true,"href":"https:\/\/cssregtech.com\/fr\/wp-json\/wp\/v2\/users\/1"}],"replies":[{"embeddable":true,"href":"https:\/\/cssregtech.com\/fr\/wp-json\/wp\/v2\/comments?post=23037"}],"version-history":[{"count":0,"href":"https:\/\/cssregtech.com\/fr\/wp-json\/wp\/v2\/pages\/23037\/revisions"}],"wp:featuredmedia":[{"embeddable":true,"href":"https:\/\/cssregtech.com\/fr\/wp-json\/wp\/v2\/media\/26481"}],"wp:attachment":[{"href":"https:\/\/cssregtech.com\/fr\/wp-json\/wp\/v2\/media?parent=23037"}],"wp:term":[{"taxonomy":"author","embeddable":true,"href":"https:\/\/cssregtech.com\/fr\/wp-json\/wp\/v2\/coauthors?post=23037"}],"curies":[{"name":"wp","href":"https:\/\/api.w.org\/{rel}","templated":true}]}}